{"id":10,"date":"2026-03-12T20:27:14","date_gmt":"2026-03-12T20:27:14","guid":{"rendered":"https:\/\/edelyraul.com\/?page_id=10"},"modified":"2026-03-12T21:07:46","modified_gmt":"2026-03-12T21:07:46","slug":"edel-y-raul","status":"publish","type":"page","link":"https:\/\/edelyraul.com\/","title":{"rendered":"Edel y Ra\u00fal"},"content":{"rendered":"\t\t<div data-elementor-type=\"wp-page\" data-elementor-id=\"10\" class=\"elementor elementor-10\" data-elementor-post-type=\"page\">\n\t\t\t\t<div class=\"elementor-element elementor-element-f2904b5 elementor-hidden-desktop elementor-hidden-tablet e-flex e-con-boxed e-con e-parent\" data-id=\"f2904b5\" data-element_type=\"container\" data-e-type=\"container\">\n\t\t\t\t\t<div class=\"e-con-inner\">\n\t\t<div class=\"elementor-element elementor-element-c94920f e-con-full e-flex e-con e-child\" data-id=\"c94920f\" data-element_type=\"container\" data-e-type=\"container\" data-settings=\"{&quot;background_background&quot;:&quot;classic&quot;}\">\n\t\t\t\t<\/div>\n\t\t\t\t\t<\/div>\n\t\t\t\t<\/div>\n\t\t<div class=\"elementor-element elementor-element-13b8c9d e-con-full e-flex e-con e-parent\" data-id=\"13b8c9d\" data-element_type=\"container\" data-e-type=\"container\">\n\t\t\t\t<div class=\"elementor-element elementor-element-b95c450 elementor-widget elementor-widget-heading\" data-id=\"b95c450\" data-element_type=\"widget\" data-e-type=\"widget\" data-widget_type=\"heading.default\">\n\t\t\t\t\t<h2 class=\"elementor-heading-title elementor-size-default\">SAVE THE DATE<\/h2>\t\t\t\t<\/div>\n\t\t\t\t<div class=\"elementor-element elementor-element-f3abdc5 elementor-widget elementor-widget-heading\" data-id=\"f3abdc5\" data-element_type=\"widget\" data-e-type=\"widget\" data-widget_type=\"heading.default\">\n\t\t\t\t\t<h2 class=\"elementor-heading-title elementor-size-default\">Edel y Ra\u00fal<\/h2>\t\t\t\t<\/div>\n\t\t\t\t<div class=\"elementor-element elementor-element-2405544 elementor-widget elementor-widget-heading\" data-id=\"2405544\" data-element_type=\"widget\" data-e-type=\"widget\" data-widget_type=\"heading.default\">\n\t\t\t\t\t<h2 class=\"elementor-heading-title elementor-size-default\">7 de noviembre 2026<\/h2>\t\t\t\t<\/div>\n\t\t\t\t<\/div>\n\t\t<div class=\"elementor-element elementor-element-03ea567 e-con-full e-flex e-con e-parent\" data-id=\"03ea567\" data-element_type=\"container\" data-e-type=\"container\">\n\t\t<div class=\"elementor-element elementor-element-34a4387 e-con-full e-flex e-con e-child\" data-id=\"34a4387\" data-element_type=\"container\" data-e-type=\"container\">\n\t\t\t\t<div class=\"elementor-element elementor-element-c15d523 elementor-widget elementor-widget-heading\" data-id=\"c15d523\" data-element_type=\"widget\" data-e-type=\"widget\" data-widget_type=\"heading.default\">\n\t\t\t\t\t<h2 class=\"elementor-heading-title elementor-size-default\">lugar<\/h2>\t\t\t\t<\/div>\n\t\t\t\t<div class=\"elementor-element elementor-element-9499c70 elementor-widget elementor-widget-heading\" data-id=\"9499c70\" data-element_type=\"widget\" data-e-type=\"widget\" data-widget_type=\"heading.default\">\n\t\t\t\t\t<h2 class=\"elementor-heading-title elementor-size-default\">Parroquia de San Gonzalo<\/h2>\t\t\t\t<\/div>\n\t\t\t\t<div class=\"elementor-element elementor-element-aae10e5 elementor-widget elementor-widget-heading\" data-id=\"aae10e5\" data-element_type=\"widget\" data-e-type=\"widget\" data-widget_type=\"heading.default\">\n\t\t\t\t\t<h2 class=\"elementor-heading-title elementor-size-default\">HORA<\/h2>\t\t\t\t<\/div>\n\t\t\t\t<div class=\"elementor-element elementor-element-2da0a95 elementor-widget elementor-widget-heading\" data-id=\"2da0a95\" data-element_type=\"widget\" data-e-type=\"widget\" data-widget_type=\"heading.default\">\n\t\t\t\t\t<h2 class=\"elementor-heading-title elementor-size-default\">12:00<\/h2>\t\t\t\t<\/div>\n\t\t\t\t<div class=\"elementor-element elementor-element-1f852f0 elementor-widget elementor-widget-button\" data-id=\"1f852f0\" data-element_type=\"widget\" data-e-type=\"widget\" data-widget_type=\"button.default\">\n\t\t\t\t\t\t\t\t\t\t<a class=\"elementor-button elementor-button-link elementor-size-sm\" href=\"https:\/\/edelyraul.com\/wp-content\/uploads\/2026\/03\/event.ics\">\n\t\t\t\t\t\t<span class=\"elementor-button-content-wrapper\">\n\t\t\t\t\t\t\t\t\t<span class=\"elementor-button-text\">A\u00f1adir a calendario<\/span>\n\t\t\t\t\t<\/span>\n\t\t\t\t\t<\/a>\n\t\t\t\t\t\t\t\t<\/div>\n\t\t\t\t<div class=\"elementor-element elementor-element-ce7aa08 elementor-hidden-desktop elementor-widget elementor-widget-image\" data-id=\"ce7aa08\" data-element_type=\"widget\" data-e-type=\"widget\" data-widget_type=\"image.default\">\n\t\t\t\t\t\t\t\t\t\t\t\t\t\t\t<img fetchpriority=\"high\" decoding=\"async\" width=\"768\" height=\"1024\" src=\"https:\/\/edelyraul.com\/wp-content\/uploads\/2026\/03\/IMG_4102-1-768x1024.webp\" class=\"attachment-large size-large wp-image-21\" alt=\"\" srcset=\"https:\/\/edelyraul.com\/wp-content\/uploads\/2026\/03\/IMG_4102-1-768x1024.webp 768w, https:\/\/edelyraul.com\/wp-content\/uploads\/2026\/03\/IMG_4102-1-225x300.webp 225w, https:\/\/edelyraul.com\/wp-content\/uploads\/2026\/03\/IMG_4102-1.webp 1080w\" sizes=\"(max-width: 768px) 100vw, 768px\" \/>\t\t\t\t\t\t\t\t\t\t\t\t\t\t\t<\/div>\n\t\t\t\t<\/div>\n\t\t<div class=\"elementor-element elementor-element-1b2dd64 e-con-full elementor-hidden-mobile e-flex e-con e-child\" data-id=\"1b2dd64\" data-element_type=\"container\" data-e-type=\"container\">\n\t\t\t\t<div class=\"elementor-element elementor-element-5b7e2d9 elementor-widget elementor-widget-image\" data-id=\"5b7e2d9\" data-element_type=\"widget\" data-e-type=\"widget\" data-widget_type=\"image.default\">\n\t\t\t\t\t\t\t\t\t\t\t\t\t\t\t<img decoding=\"async\" width=\"768\" height=\"1024\" src=\"https:\/\/edelyraul.com\/wp-content\/uploads\/2026\/03\/IMG_1026-1-768x1024.webp\" class=\"attachment-large size-large wp-image-20\" alt=\"\" srcset=\"https:\/\/edelyraul.com\/wp-content\/uploads\/2026\/03\/IMG_1026-1-768x1024.webp 768w, https:\/\/edelyraul.com\/wp-content\/uploads\/2026\/03\/IMG_1026-1-225x300.webp 225w, https:\/\/edelyraul.com\/wp-content\/uploads\/2026\/03\/IMG_1026-1.webp 1080w\" sizes=\"(max-width: 768px) 100vw, 768px\" \/>\t\t\t\t\t\t\t\t\t\t\t\t\t\t\t<\/div>\n\t\t\t\t<\/div>\n\t\t\t\t<\/div>\n\t\t<div class=\"elementor-element elementor-element-123cfd6 e-con-full e-flex e-con e-parent\" data-id=\"123cfd6\" data-element_type=\"container\" data-e-type=\"container\">\n\t\t\t\t<div class=\"elementor-element elementor-element-f697498 elementor-widget elementor-widget-html\" data-id=\"f697498\" data-element_type=\"widget\" data-e-type=\"widget\" data-widget_type=\"html.default\">\n\t\t\t\t\t<div class=\"marquee\">\n  <div class=\"marquee-track\">\n    <span>PREP\u00c1RENSE QUE VIENEN CURVAS \u2022 PREP\u00c1RENSE QUE VIENEN CURVAS \u2022 PREP\u00c1RENSE QUE VIENEN CURVAS \u2022 PREP\u00c1RENSE QUE VIENEN CURVAS \u2022 PREP\u00c1RENSE QUE VIENEN CURVAS \u2022 PREP\u00c1RENSE QUE VIENEN CURVAS \u2022 PREP\u00c1RENSE QUE VIENEN CURVAS \u2022 PREP\u00c1RENSE QUE VIENEN CURVAS \u2022 PREP\u00c1RENSE QUE VIENEN CURVAS \u2022 PREP\u00c1RENSE QUE VIENEN CURVAS \u2022 PREP\u00c1RENSE QUE VIENEN CURVAS \u2022 PREP\u00c1RENSE QUE VIENEN CURVAS \u2022 PREP\u00c1RENSE QUE VIENEN CURVAS \u2022 PREP\u00c1RENSE QUE VIENEN CURVAS \u2022 PREP\u00c1RENSE QUE VIENEN CURVAS \u2022 PREP\u00c1RENSE QUE VIENEN CURVAS \u2022 PREP\u00c1RENSE QUE VIENEN CURVAS \u2022 PREP\u00c1RENSE QUE VIENEN CURVAS \u2022 PREP\u00c1RENSE QUE VIENEN CURVAS \u2022 PREP\u00c1RENSE QUE VIENEN CURVAS \u2022 PREP\u00c1RENSE QUE VIENEN CURVAS \u2022 PREP\u00c1RENSE QUE VIENEN CURVAS \u2022 PREP\u00c1RENSE QUE VIENEN CURVAS \u2022 PREP\u00c1RENSE QUE VIENEN CURVAS \u2022 PREP\u00c1RENSE QUE VIENEN CURVAS \u2022 PREP\u00c1RENSE QUE VIENEN CURVAS \u2022 PREP\u00c1RENSE QUE VIENEN CURVAS \u2022 PREP\u00c1RENSE QUE VIENEN CURVAS \u2022 PREP\u00c1RENSE QUE VIENEN CURVAS \u2022 PREP\u00c1RENSE QUE VIENEN CURVAS \u2022 PREP\u00c1RENSE QUE VIENEN CURVAS \u2022 PREP\u00c1RENSE QUE VIENEN CURVAS \u2022  <\/span>\n  <\/div>\n<\/div>\n\n<style>\n.marquee{\n  width:100%;\n  overflow:hidden;\n\n  color:#41431B;\n  padding:12px 0;\n  white-space:nowrap;\n  font-family: 'Bebas Neue';\n}\n\n.marquee-track{\n  display:flex;\n  width:max-content;\n  animation:marquee 38s linear infinite;\n}\n\n.marquee span{\n  font-size:20px;\n  font-weight:600;\n  letter-spacing:0.08em;\n  padding-right:40px;\n}\n\n@keyframes marquee{\n  0%{\n    transform:translateX(0);\n  }\n  100%{\n    transform:translateX(-50%);\n  }\n}\n<\/style>\t\t\t\t<\/div>\n\t\t\t\t<\/div>\n\t\t\t\t<\/div>\n\t\t","protected":false},"excerpt":{"rendered":"<p>SAVE THE DATE Edel y Ra\u00fal 7 de noviembre 2026 lugar Parroquia de San Gonzalo HORA 12:00 A\u00f1adir a calendario PREP\u00c1RENSE QUE VIENEN CURVAS \u2022 PREP\u00c1RENSE QUE VIENEN CURVAS \u2022 PREP\u00c1RENSE QUE VIENEN CURVAS \u2022 PREP\u00c1RENSE QUE VIENEN CURVAS \u2022 PREP\u00c1RENSE QUE VIENEN CURVAS \u2022 PREP\u00c1RENSE QUE VIENEN CURVAS \u2022 PREP\u00c1RENSE QUE VIENEN CURVAS \u2022 [&hellip;]<\/p>\n","protected":false},"author":1,"featured_media":0,"parent":0,"menu_order":0,"comment_status":"closed","ping_status":"closed","template":"elementor_canvas","meta":{"footnotes":""},"class_list":["post-10","page","type-page","status-publish","hentry"],"_links":{"self":[{"href":"https:\/\/edelyraul.com\/index.php?rest_route=\/wp\/v2\/pages\/10","targetHints":{"allow":["GET"]}}],"collection":[{"href":"https:\/\/edelyraul.com\/index.php?rest_route=\/wp\/v2\/pages"}],"about":[{"href":"https:\/\/edelyraul.com\/index.php?rest_route=\/wp\/v2\/types\/page"}],"author":[{"embeddable":true,"href":"https:\/\/edelyraul.com\/index.php?rest_route=\/wp\/v2\/users\/1"}],"replies":[{"embeddable":true,"href":"https:\/\/edelyraul.com\/index.php?rest_route=%2Fwp%2Fv2%2Fcomments&post=10"}],"version-history":[{"count":46,"href":"https:\/\/edelyraul.com\/index.php?rest_route=\/wp\/v2\/pages\/10\/revisions"}],"predecessor-version":[{"id":64,"href":"https:\/\/edelyraul.com\/index.php?rest_route=\/wp\/v2\/pages\/10\/revisions\/64"}],"wp:attachment":[{"href":"https:\/\/edelyraul.com\/index.php?rest_route=%2Fwp%2Fv2%2Fmedia&parent=10"}],"curies":[{"name":"wp","href":"https:\/\/api.w.org\/{rel}","templated":true}]}}